{"id":193,"date":"2021-09-29T12:17:50","date_gmt":"2021-09-29T10:17:50","guid":{"rendered":"https:\/\/wroclawapartament.pl\/?page_id=193"},"modified":"2023-02-01T07:06:23","modified_gmt":"2023-02-01T06:06:23","slug":"warunki-wynajmu","status":"publish","type":"page","link":"https:\/\/wroclawapartament.pl\/en\/warunki-wynajmu\/","title":{"rendered":"Warunki Wynajmu"},"content":{"rendered":"<div id=\"div_block-62-193\" class=\"ct-div-block\" ><div id=\"div_block-63-193\" class=\"ct-div-block\" style=\"background-image:linear-gradient(rgba(0,0,0,0.2), rgba(0,0,0,0.2)), url(https:\/\/wroclawapartament.pl\/wp-content\/uploads\/2021\/09\/2-1-min.jpg);background-size:auto,  cover;\" ><\/div><div id=\"div_block-64-193\" class=\"ct-div-block hero-textBox\" ><div id=\"text_block-65-193\" class=\"ct-text-block hero-title\" >Warunki Wynajmu<\/div><div id=\"text_block-66-193\" class=\"ct-text-block hero-subtitle\" >Wroc\u0142aw Apartament<\/div><\/div><\/div><section id=\"section-68-193\" class=\"ct-section\" ><div class=\"ct-section-inner-wrap\"><div id=\"text_block-71-193\" class=\"ct-text-block section-title\" >Regulamin<\/div><div id=\"text_block-69-193\" class=\"ct-text-block txt\" ><span id=\"span-165-193\" class=\"ct-span\" ><p>1. Serwis wroclawapartament.pl s\u0142u\u017cy do rezerwacji nocleg\u00f3w w apartamentach we Wroc\u0142awiu.<br \/>\n2. W\u0142a\u015bcicielem serwisu i operatorem prezentowanych apartament\u00f3w jest firma 'Sylwia Makowiecka-Florek' zarejestrowana w Dobrzykowicach, ul. Widawska 39, NIP: 6331262978.<br \/>\n3. Rezerwacji apartament\u00f3w mo\u017cna dokonywa\u0107 on-line za po\u015brednictwem serwisu. Warunkiem rezerwacji jest p\u0142atno\u015b\u0107 on-line 100% ceny za wynajem w momencie rezerwacji.<br \/>\n4. Operatorem p\u0142atno\u015bci s\u0105 <b>Przelewy24.<\/b><br \/>\n5. Zakwaterowanie\u00a0 w apartamentach odbywa si\u0119 bezobs\u0142ugowo na podstawie szczeg\u00f3\u0142owych instrukcji oraz kod\u00f3w dost\u0119pu wysy\u0142anych w wiadomo\u015bci e-mail na 1 lub 2 dni przed przyjazdem. Zakwaterowanie jest mo\u017cliwe od godziny 14:00 lub 15:00 w zale\u017cno\u015bci od zarezerwowanego apartamentu. Wykwaterowanie zawsze do 10:00.<br \/>\n6. W przypadku anulowania rezerwacji na 14 lub wi\u0119cej dni przed przyjazdem, Go\u015b\u0107 otrzyma pe\u0142ny zwrot wp\u0142aconych \u015brodk\u00f3w pomniejszonych o prowizj\u0119 operatora p\u0142atno\u015bci. Zwrot zostanie wykonany w ci\u0105gu maksymalnie 7 dni roboczych na wskazany rachunek bankowy. W przypadku anulowania na mniej ni\u017c 14 dni przed przyjazdem, rezerwacja jest bezzwrotna. Ewentualny zwrot w takim przypadku jest rozpatrywany indywidualnie.<br \/>\n7. W przypadku rezerwacji wykonywanych z wyprzedzeniem wi\u0119kszym ni\u017c 2 miesi\u0105ce od daty przyjazdu, istnieje mo\u017cliwo\u015b\u0107 rozbicia p\u0142atno\u015bci na 2 raty w wysoko\u015bci 30% (przy rezerwacji) i 70% (na min. 14 dni przed przyjazdem). Do przeprowadzenia takiej rezerwacji niezb\u0119dny jest bezpo\u015bredni kontakt przez <a href=\"https:\/\/wroclawapartament.pl\/en\/kontakt\/\">Formularz Kontaktowy<\/a>.<br \/>\n8. Wszelkie reklamacje powinny by\u0107 zg\u0142aszane pisemnie poprzez formularz kontaktowy na stronie Czas odpowiedzi na reklamacj\u0119 wynosi do 7 dni roboczych.<\/p>\n<\/span><br><\/div><\/div><\/section>","protected":false},"excerpt":{"rendered":"","protected":false},"author":3,"featured_media":196,"parent":0,"menu_order":0,"comment_status":"closed","ping_status":"closed","template":"","meta":{"_acf_changed":false,"footnotes":""},"class_list":["post-193","page","type-page","status-publish","has-post-thumbnail","hentry"],"acf":[],"yoast_head":"<!-- This site is optimized with the Yoast SEO plugin v24.2 - https:\/\/yoast.com\/wordpress\/plugins\/seo\/ -->\n<title>Warunki Wynajmu - Wroc\u0142aw Apartament<\/title>\n<meta name=\"robots\" content=\"index, follow, max-snippet:-1, max-image-preview:large, max-video-preview:-1\" \/>\n<link rel=\"canonical\" href=\"https:\/\/wroclawapartament.pl\/en\/warunki-wynajmu\/\" \/>\n<meta property=\"og:locale\" content=\"en_US\" \/>\n<meta property=\"og:type\" content=\"article\" \/>\n<meta property=\"og:title\" content=\"Warunki Wynajmu - Wroc\u0142aw Apartament\" \/>\n<meta property=\"og:url\" content=\"https:\/\/wroclawapartament.pl\/en\/warunki-wynajmu\/\" \/>\n<meta property=\"og:site_name\" content=\"Wroc\u0142aw Apartament\" \/>\n<meta property=\"article:modified_time\" content=\"2023-02-01T06:06:23+00:00\" \/>\n<meta property=\"og:image\" content=\"https:\/\/wroclawapartament.pl\/wp-content\/uploads\/2021\/09\/2-1-min.jpg\" \/>\n\t<meta property=\"og:image:width\" content=\"1977\" \/>\n\t<meta property=\"og:image:height\" content=\"559\" \/>\n\t<meta property=\"og:image:type\" content=\"image\/jpeg\" \/>\n<meta name=\"twitter:card\" content=\"summary_large_image\" \/>\n<script type=\"application\/ld+json\" class=\"yoast-schema-graph\">{\"@context\":\"https:\/\/schema.org\",\"@graph\":[{\"@type\":\"WebPage\",\"@id\":\"https:\/\/wroclawapartament.pl\/warunki-wynajmu\/\",\"url\":\"https:\/\/wroclawapartament.pl\/warunki-wynajmu\/\",\"name\":\"Warunki Wynajmu - Wroc\u0142aw Apartament\",\"isPartOf\":{\"@id\":\"https:\/\/wroclawapartament.pl\/en\/#website\"},\"primaryImageOfPage\":{\"@id\":\"https:\/\/wroclawapartament.pl\/warunki-wynajmu\/#primaryimage\"},\"image\":{\"@id\":\"https:\/\/wroclawapartament.pl\/warunki-wynajmu\/#primaryimage\"},\"thumbnailUrl\":\"https:\/\/wroclawapartament.pl\/wp-content\/uploads\/2021\/09\/2-1-min.jpg\",\"datePublished\":\"2021-09-29T10:17:50+00:00\",\"dateModified\":\"2023-02-01T06:06:23+00:00\",\"breadcrumb\":{\"@id\":\"https:\/\/wroclawapartament.pl\/warunki-wynajmu\/#breadcrumb\"},\"inLanguage\":\"en-US\",\"potentialAction\":[{\"@type\":\"ReadAction\",\"target\":[\"https:\/\/wroclawapartament.pl\/warunki-wynajmu\/\"]}]},{\"@type\":\"ImageObject\",\"inLanguage\":\"en-US\",\"@id\":\"https:\/\/wroclawapartament.pl\/warunki-wynajmu\/#primaryimage\",\"url\":\"https:\/\/wroclawapartament.pl\/wp-content\/uploads\/2021\/09\/2-1-min.jpg\",\"contentUrl\":\"https:\/\/wroclawapartament.pl\/wp-content\/uploads\/2021\/09\/2-1-min.jpg\",\"width\":1977,\"height\":559},{\"@type\":\"BreadcrumbList\",\"@id\":\"https:\/\/wroclawapartament.pl\/warunki-wynajmu\/#breadcrumb\",\"itemListElement\":[{\"@type\":\"ListItem\",\"position\":1,\"name\":\"Strona g\u0142\u00f3wna\",\"item\":\"https:\/\/wroclawapartament.pl\/\"},{\"@type\":\"ListItem\",\"position\":2,\"name\":\"Warunki Wynajmu\"}]},{\"@type\":\"WebSite\",\"@id\":\"https:\/\/wroclawapartament.pl\/en\/#website\",\"url\":\"https:\/\/wroclawapartament.pl\/en\/\",\"name\":\"Wroc\u0142aw Apartament\",\"description\":\"Najlepsze apartamenty we Wroc\u0142awiu\",\"potentialAction\":[{\"@type\":\"SearchAction\",\"target\":{\"@type\":\"EntryPoint\",\"urlTemplate\":\"https:\/\/wroclawapartament.pl\/en\/?s={search_term_string}\"},\"query-input\":{\"@type\":\"PropertyValueSpecification\",\"valueRequired\":true,\"valueName\":\"search_term_string\"}}],\"inLanguage\":\"en-US\"}]}<\/script>\n<!-- \/ Yoast SEO plugin. -->","yoast_head_json":{"title":"Warunki Wynajmu - Wroc\u0142aw Apartament","robots":{"index":"index","follow":"follow","max-snippet":"max-snippet:-1","max-image-preview":"max-image-preview:large","max-video-preview":"max-video-preview:-1"},"canonical":"https:\/\/wroclawapartament.pl\/en\/warunki-wynajmu\/","og_locale":"en_US","og_type":"article","og_title":"Warunki Wynajmu - Wroc\u0142aw Apartament","og_url":"https:\/\/wroclawapartament.pl\/en\/warunki-wynajmu\/","og_site_name":"Wroc\u0142aw Apartament","article_modified_time":"2023-02-01T06:06:23+00:00","og_image":[{"width":1977,"height":559,"url":"https:\/\/wroclawapartament.pl\/wp-content\/uploads\/2021\/09\/2-1-min.jpg","type":"image\/jpeg"}],"twitter_card":"summary_large_image","schema":{"@context":"https:\/\/schema.org","@graph":[{"@type":"WebPage","@id":"https:\/\/wroclawapartament.pl\/warunki-wynajmu\/","url":"https:\/\/wroclawapartament.pl\/warunki-wynajmu\/","name":"Warunki Wynajmu - Wroc\u0142aw Apartament","isPartOf":{"@id":"https:\/\/wroclawapartament.pl\/en\/#website"},"primaryImageOfPage":{"@id":"https:\/\/wroclawapartament.pl\/warunki-wynajmu\/#primaryimage"},"image":{"@id":"https:\/\/wroclawapartament.pl\/warunki-wynajmu\/#primaryimage"},"thumbnailUrl":"https:\/\/wroclawapartament.pl\/wp-content\/uploads\/2021\/09\/2-1-min.jpg","datePublished":"2021-09-29T10:17:50+00:00","dateModified":"2023-02-01T06:06:23+00:00","breadcrumb":{"@id":"https:\/\/wroclawapartament.pl\/warunki-wynajmu\/#breadcrumb"},"inLanguage":"en-US","potentialAction":[{"@type":"ReadAction","target":["https:\/\/wroclawapartament.pl\/warunki-wynajmu\/"]}]},{"@type":"ImageObject","inLanguage":"en-US","@id":"https:\/\/wroclawapartament.pl\/warunki-wynajmu\/#primaryimage","url":"https:\/\/wroclawapartament.pl\/wp-content\/uploads\/2021\/09\/2-1-min.jpg","contentUrl":"https:\/\/wroclawapartament.pl\/wp-content\/uploads\/2021\/09\/2-1-min.jpg","width":1977,"height":559},{"@type":"BreadcrumbList","@id":"https:\/\/wroclawapartament.pl\/warunki-wynajmu\/#breadcrumb","itemListElement":[{"@type":"ListItem","position":1,"name":"Strona g\u0142\u00f3wna","item":"https:\/\/wroclawapartament.pl\/"},{"@type":"ListItem","position":2,"name":"Warunki Wynajmu"}]},{"@type":"WebSite","@id":"https:\/\/wroclawapartament.pl\/en\/#website","url":"https:\/\/wroclawapartament.pl\/en\/","name":"Wroc\u0142aw Apartament","description":"Najlepsze apartamenty we Wroc\u0142awiu","potentialAction":[{"@type":"SearchAction","target":{"@type":"EntryPoint","urlTemplate":"https:\/\/wroclawapartament.pl\/en\/?s={search_term_string}"},"query-input":{"@type":"PropertyValueSpecification","valueRequired":true,"valueName":"search_term_string"}}],"inLanguage":"en-US"}]}},"_links":{"self":[{"href":"https:\/\/wroclawapartament.pl\/en\/wp-json\/wp\/v2\/pages\/193","targetHints":{"allow":["GET"]}}],"collection":[{"href":"https:\/\/wroclawapartament.pl\/en\/wp-json\/wp\/v2\/pages"}],"about":[{"href":"https:\/\/wroclawapartament.pl\/en\/wp-json\/wp\/v2\/types\/page"}],"author":[{"embeddable":true,"href":"https:\/\/wroclawapartament.pl\/en\/wp-json\/wp\/v2\/users\/3"}],"replies":[{"embeddable":true,"href":"https:\/\/wroclawapartament.pl\/en\/wp-json\/wp\/v2\/comments?post=193"}],"version-history":[{"count":5,"href":"https:\/\/wroclawapartament.pl\/en\/wp-json\/wp\/v2\/pages\/193\/revisions"}],"predecessor-version":[{"id":237,"href":"https:\/\/wroclawapartament.pl\/en\/wp-json\/wp\/v2\/pages\/193\/revisions\/237"}],"wp:featuredmedia":[{"embeddable":true,"href":"https:\/\/wroclawapartament.pl\/en\/wp-json\/wp\/v2\/media\/196"}],"wp:attachment":[{"href":"https:\/\/wroclawapartament.pl\/en\/wp-json\/wp\/v2\/media?parent=193"}],"curies":[{"name":"wp","href":"https:\/\/api.w.org\/{rel}","templated":true}]}}